{"id":988,"date":"2022-06-13T18:49:42","date_gmt":"2022-06-13T18:49:42","guid":{"rendered":"http:\/\/clinicanovas.com\/?page_id=988"},"modified":"2025-10-21T10:58:23","modified_gmt":"2025-10-21T08:58:23","slug":"posturoloxia","status":"publish","type":"page","link":"https:\/\/clinicanovas.com\/es\/posturoloxia\/","title":{"rendered":"Posturoloxia GZ"},"content":{"rendered":"<div data-elementor-type=\"wp-page\" data-elementor-id=\"988\" class=\"elementor elementor-988\" data-elementor-post-type=\"page\">\n\t\t\t\t\t\t<section class=\"elementor-section elementor-top-section elementor-element elementor-element-c8af1e9 elementor-section-boxed elementor-section-height-default elementor-section-height-default elementor-invisible\" data-id=\"c8af1e9\" data-element_type=\"section\" data-settings=\"{&quot;background_background&quot;:&quot;classic&quot;,&quot;animation&quot;:&quot;fadeIn&quot;}\">\n\t\t\t\t\t\t<div class=\"elementor-container elementor-column-gap-default\">\n\t\t\t\t\t<div class=\"elementor-column elementor-col-50 elementor-top-column elementor-element elementor-element-e83cee9\" data-id=\"e83cee9\" data-element_type=\"column\">\n\t\t\t<div class=\"elementor-widget-wrap elementor-element-populated\">\n\t\t\t\t\t\t<div class=\"elementor-element elementor-element-ca9223d animated-slow elementor-hidden-mobile elementor-invisible elementor-widget elementor-widget-image\" data-id=\"ca9223d\" data-element_type=\"widget\" data-settings=\"{&quot;_animation&quot;:&quot;fadeIn&quot;}\" data-widget_type=\"image.default\">\n\t\t\t\t<div class=\"elementor-widget-container\">\n\t\t\t\t\t\t\t\t\t\t\t\t\t\t\t<img fetchpriority=\"high\" decoding=\"async\" width=\"834\" height=\"1024\" src=\"https:\/\/clinicanovas.com\/wp-content\/uploads\/2022\/06\/349_C-834x1024.jpg\" class=\"attachment-large size-large wp-image-989\" alt=\"Servicios Posturolox\u00eda\" srcset=\"https:\/\/clinicanovas.com\/wp-content\/uploads\/2022\/06\/349_C-834x1024.jpg 834w, https:\/\/clinicanovas.com\/wp-content\/uploads\/2022\/06\/349_C-244x300.jpg 244w, https:\/\/clinicanovas.com\/wp-content\/uploads\/2022\/06\/349_C-768x943.jpg 768w, https:\/\/clinicanovas.com\/wp-content\/uploads\/2022\/06\/349_C-1251x1536.jpg 1251w, https:\/\/clinicanovas.com\/wp-content\/uploads\/2022\/06\/349_C.jpg 1270w\" sizes=\"(max-width: 834px) 100vw, 834px\" \/>\t\t\t\t\t\t\t\t\t\t\t\t\t\t\t<\/div>\n\t\t\t\t<\/div>\n\t\t\t\t\t<\/div>\n\t\t<\/div>\n\t\t\t\t<div class=\"elementor-column elementor-col-50 elementor-top-column elementor-element elementor-element-d92d59f animated-slow\" data-id=\"d92d59f\" data-element_type=\"column\" data-settings=\"{&quot;animation&quot;:&quot;none&quot;,&quot;animation_delay&quot;:500}\">\n\t\t\t<div class=\"elementor-widget-wrap elementor-element-populated\">\n\t\t\t\t\t\t<div class=\"elementor-element elementor-element-08f3ac3 animated-slow elementor-widget elementor-widget-heading\" data-id=\"08f3ac3\" data-element_type=\"widget\" data-settings=\"{&quot;_animation&quot;:&quot;none&quot;}\" data-widget_type=\"heading.default\">\n\t\t\t\t<div class=\"elementor-widget-container\">\n\t\t\t\t\t<h1 class=\"elementor-heading-title elementor-size-default\">Nuestros servicios de Posturolog\u00eda<\/h1>\t\t\t\t<\/div>\n\t\t\t\t<\/div>\n\t\t\t\t<div class=\"elementor-element elementor-element-3b38707 elementor-widget elementor-widget-text-editor\" data-id=\"3b38707\" data-element_type=\"widget\" data-settings=\"{&quot;_animation&quot;:&quot;none&quot;}\" data-widget_type=\"text-editor.default\">\n\t\t\t\t<div class=\"elementor-widget-container\">\n\t\t\t\t\t\t\t\t\t<p><b><strong><img decoding=\"async\" class=\"emoji\" role=\"img\" draggable=\"false\" src=\"https:\/\/s.w.org\/images\/core\/emoji\/14.0.0\/svg\/25aa.svg\" alt=\"\u25aa\" \/> <\/strong>Evaluaciones posturales<br \/><\/b><span style=\"font-style: inherit; font-weight: inherit; color: var(--ast-global-color-3);\">Determinamos si tienes una disfunci\u00f3n postural y la tratamos mediante plantillas posturales y terapia neurosensorial manual.<\/span><\/p><p><span style=\"font-style: inherit; color: var(--ast-global-color-3);\"><b><strong><img decoding=\"async\" class=\"emoji\" role=\"img\" draggable=\"false\" src=\"https:\/\/s.w.org\/images\/core\/emoji\/14.0.0\/svg\/25aa.svg\" alt=\"\u25aa\" \/> <\/strong>Plantillas posturales<br \/><\/b><\/span><span style=\"font-style: inherit; font-weight: inherit; color: var(--ast-global-color-3);\">Dise\u00f1o de plantillas posturales en base a una evaluaci\u00f3n postural previa.<\/span><\/p><p><span style=\"font-style: inherit; color: var(--ast-global-color-3);\"><b><strong><img decoding=\"async\" class=\"emoji\" role=\"img\" draggable=\"false\" src=\"https:\/\/s.w.org\/images\/core\/emoji\/14.0.0\/svg\/25aa.svg\" alt=\"\u25aa\" \/> <\/strong><\/b><\/span><strong>Equipo multidisciplinar<br \/><\/strong><span style=\"font-style: inherit; font-weight: inherit; color: var(--ast-global-color-3);\">\u25a1 <\/span>Tratamiento desde o punto de vista multidisciplinar para tratar a orixe do problema.<\/p>\t\t\t\t\t\t\t\t<\/div>\n\t\t\t\t<\/div>\n\t\t\t\t<div class=\"elementor-element elementor-element-2f16260 animated-slow elementor-invisible elementor-widget elementor-widget-button\" data-id=\"2f16260\" data-element_type=\"widget\" data-settings=\"{&quot;_animation&quot;:&quot;fadeIn&quot;,&quot;_animation_delay&quot;:1000}\" data-widget_type=\"button.default\">\n\t\t\t\t<div class=\"elementor-widget-container\">\n\t\t\t\t\t\t\t\t\t<div class=\"elementor-button-wrapper\">\n\t\t\t\t\t<a class=\"elementor-button elementor-button-link elementor-size-sm\" href=\"https:\/\/clinicanovas.com\/es\/contacto\/\">\n\t\t\t\t\t\t<span class=\"elementor-button-content-wrapper\">\n\t\t\t\t\t\t\t\t\t<span class=\"elementor-button-text\">Pida su cita<\/span>\n\t\t\t\t\t<\/span>\n\t\t\t\t\t<\/a>\n\t\t\t\t<\/div>\n\t\t\t\t\t\t\t\t<\/div>\n\t\t\t\t<\/div>\n\t\t\t\t\t<\/div>\n\t\t<\/div>\n\t\t\t\t\t<\/div>\n\t\t<\/section>\n\t\t\t\t<section class=\"elementor-section elementor-top-section elementor-element elementor-element-2e0b86e elementor-section-boxed elementor-section-height-default elementor-section-height-default\" data-id=\"2e0b86e\" data-element_type=\"section\">\n\t\t\t\t\t\t\t<div class=\"elementor-background-overlay\"><\/div>\n\t\t\t\t\t\t\t<div class=\"elementor-container elementor-column-gap-default\">\n\t\t\t\t\t<div class=\"elementor-column elementor-col-50 elementor-top-column elementor-element elementor-element-2d54ba4 animated-slow\" data-id=\"2d54ba4\" data-element_type=\"column\" data-settings=\"{&quot;animation&quot;:&quot;none&quot;,&quot;animation_delay&quot;:500}\">\n\t\t\t<div class=\"elementor-widget-wrap elementor-element-populated\">\n\t\t\t\t\t\t<div class=\"elementor-element elementor-element-ec6b669 animated-slow elementor-widget elementor-widget-heading\" data-id=\"ec6b669\" data-element_type=\"widget\" data-settings=\"{&quot;_animation&quot;:&quot;none&quot;}\" data-widget_type=\"heading.default\">\n\t\t\t\t<div class=\"elementor-widget-container\">\n\t\t\t\t\t<h2 class=\"elementor-heading-title elementor-size-default\">Valoraci\u00f3n Postura<\/h2>\t\t\t\t<\/div>\n\t\t\t\t<\/div>\n\t\t\t\t<div class=\"elementor-element elementor-element-dc8d08b elementor-widget elementor-widget-text-editor\" data-id=\"dc8d08b\" data-element_type=\"widget\" data-settings=\"{&quot;_animation&quot;:&quot;none&quot;}\" data-widget_type=\"text-editor.default\">\n\t\t\t\t<div class=\"elementor-widget-container\">\n\t\t\t\t\t\t\t\t\t<p align=\"JUSTIFY\"><span style=\"color: #3b3838;\">Con una<\/span><span style=\"color: #4a4a4a;\"><span style=\"font-family: Source Sans Pro, serif;\"> valoraci\u00f3n postural completa<\/span><\/span> <span style=\"color: #4a4a4a;\"><span style=\"font-family: Source Sans Pro, serif;\">comprobaremos la capacidad de tu cuerpo para moverse y mantener el equilibrio sobre tus pies. <\/span><\/span><\/p><p align=\"JUSTIFY\"><span style=\"color: #4a4a4a;\"><span style=\"font-family: Source Sans Pro, serif;\">La existencia de alg\u00fan desajuste hace que el cuerpo tenga que hacer un esfuerzo extra, <\/span><\/span><span style=\"color: #3b3838;\"><span style=\"font-family: Source Sans Pro, serif;\">desencadenando <\/span><\/span><span style=\"color: #4a4a4a;\"><span style=\"font-family: Source Sans Pro, serif;\">diversos s\u00edntomas en tu organismo. Nos encontramos con consecuencias m\u00e1s all\u00e1 del pie, como: dolores de cabeza frecuentes, v\u00e9rtigo, sobrecarga muscular recurrente, dolor de cuello, lumbalgia, dolor en las articulaciones, torpeza al caminar o falta de coordinaci\u00f3n; as\u00ed como: trastornos del aprendizaje, dislexia o d\u00e9ficit de atenci\u00f3n por hiperactividad.<\/span><\/span><\/p><p style=\"font-size: 19px; font-style: normal; font-weight: 400;\" align=\"JUSTIFY\"><span style=\"font-family: 'Source Sans Pro', serif;\">En la valoraci\u00f3n consideramos el cuerpo como un todo, por lo que buscaremos el origen del problema. Trataremos con los est\u00edmulos precisos a trav\u00e9s del pie o derivaremos tu caso particular al especialista indicado para que logres una r\u00e1pida y notable mejor\u00eda en tu calidad de vida.<\/span><\/p><p style=\"font-size: 19px; font-style: normal; font-weight: 400;\" align=\"JUSTIFY\"><span style=\"font-family: 'Source Sans Pro', serif;\">Trabajaremos con la ayuda de profesionales como oste\u00f3pata, fisioterapeuta, optometrista conductual, odont\u00f3logo postural, nutricionista, etc.\u00a0<\/span><\/p><p style=\"font-size: 19px; font-style: normal; font-weight: 400;\" align=\"JUSTIFY\"><span style=\"font-family: 'Source Sans Pro', serif;\">Esto se debe a que en algunos casos una cicatriz, una alteraci\u00f3n visceral, una disfunci\u00f3n visual, una alteraci\u00f3n de mordida, o un esguince sufrido en el pasado, pueden ser el desencadenante de todo un conjunto de compensaciones.<\/span><\/p><p align=\"JUSTIFY\">\u00a0<\/p>\t\t\t\t\t\t\t\t<\/div>\n\t\t\t\t<\/div>\n\t\t\t\t\t<\/div>\n\t\t<\/div>\n\t\t\t\t<div class=\"elementor-column elementor-col-50 elementor-top-column elementor-element elementor-element-f43f3d1\" data-id=\"f43f3d1\" data-element_type=\"column\">\n\t\t\t<div class=\"elementor-widget-wrap elementor-element-populated\">\n\t\t\t\t\t\t<div class=\"elementor-element elementor-element-d517126 animated-slow elementor-hidden-mobile elementor-invisible elementor-widget elementor-widget-image\" data-id=\"d517126\" data-element_type=\"widget\" data-settings=\"{&quot;_animation&quot;:&quot;fadeIn&quot;}\" data-widget_type=\"image.default\">\n\t\t\t\t<div class=\"elementor-widget-container\">\n\t\t\t\t\t\t\t\t\t\t\t\t\t\t\t<img alt=\"\" decoding=\"async\" width=\"683\" height=\"1024\" src=\"https:\/\/clinicanovas.com\/wp-content\/uploads\/2022\/11\/physiotherapist-performing-check-up-patient-while-being-weighed-scale_594511-130-683x1024.jpg\" class=\"attachment-large size-large wp-image-2131\" srcset=\"https:\/\/clinicanovas.com\/wp-content\/uploads\/2022\/11\/physiotherapist-performing-check-up-patient-while-being-weighed-scale_594511-130-683x1024.jpg 683w, https:\/\/clinicanovas.com\/wp-content\/uploads\/2022\/11\/physiotherapist-performing-check-up-patient-while-being-weighed-scale_594511-130-200x300.jpg 200w, https:\/\/clinicanovas.com\/wp-content\/uploads\/2022\/11\/physiotherapist-performing-check-up-patient-while-being-weighed-scale_594511-130.jpg 740w\" sizes=\"(max-width: 683px) 100vw, 683px\" \/>\t\t\t\t\t\t\t\t\t\t\t\t\t\t\t<\/div>\n\t\t\t\t<\/div>\n\t\t\t\t\t<\/div>\n\t\t<\/div>\n\t\t\t\t\t<\/div>\n\t\t<\/section>\n\t\t\t\t<section class=\"elementor-section elementor-top-section elementor-element elementor-element-b3e7eb7 elementor-section-boxed elementor-section-height-default elementor-section-height-default\" data-id=\"b3e7eb7\" data-element_type=\"section\">\n\t\t\t\t\t\t\t<div class=\"elementor-background-overlay\"><\/div>\n\t\t\t\t\t\t\t<div class=\"elementor-container elementor-column-gap-default\">\n\t\t\t\t\t<div class=\"elementor-column elementor-col-50 elementor-top-column elementor-element elementor-element-c9957f1\" data-id=\"c9957f1\" data-element_type=\"column\">\n\t\t\t<div class=\"elementor-widget-wrap elementor-element-populated\">\n\t\t\t\t\t\t<div class=\"elementor-element elementor-element-06c6c0b animated-slow elementor-hidden-mobile elementor-invisible elementor-widget elementor-widget-image\" data-id=\"06c6c0b\" data-element_type=\"widget\" data-settings=\"{&quot;_animation&quot;:&quot;fadeIn&quot;}\" data-widget_type=\"image.default\">\n\t\t\t\t<div class=\"elementor-widget-container\">\n\t\t\t\t\t\t\t\t\t\t\t\t\t\t\t<img alt=\"\" decoding=\"async\" width=\"980\" height=\"653\" src=\"https:\/\/clinicanovas.com\/wp-content\/uploads\/2022\/11\/gettyimages-1658235480.jpg\" class=\"attachment-large size-large wp-image-2127\" srcset=\"https:\/\/clinicanovas.com\/wp-content\/uploads\/2022\/11\/gettyimages-1658235480.jpg 980w, https:\/\/clinicanovas.com\/wp-content\/uploads\/2022\/11\/gettyimages-1658235480-300x200.jpg 300w, https:\/\/clinicanovas.com\/wp-content\/uploads\/2022\/11\/gettyimages-1658235480-768x512.jpg 768w\" sizes=\"(max-width: 980px) 100vw, 980px\" \/>\t\t\t\t\t\t\t\t\t\t\t\t\t\t\t<\/div>\n\t\t\t\t<\/div>\n\t\t\t\t\t<\/div>\n\t\t<\/div>\n\t\t\t\t<div class=\"elementor-column elementor-col-50 elementor-top-column elementor-element elementor-element-eeaa133 animated-slow\" data-id=\"eeaa133\" data-element_type=\"column\" data-settings=\"{&quot;animation&quot;:&quot;none&quot;,&quot;animation_delay&quot;:500}\">\n\t\t\t<div class=\"elementor-widget-wrap elementor-element-populated\">\n\t\t\t\t\t\t<div class=\"elementor-element elementor-element-d5b29d1 animated-slow elementor-widget elementor-widget-heading\" data-id=\"d5b29d1\" data-element_type=\"widget\" data-settings=\"{&quot;_animation&quot;:&quot;none&quot;}\" data-widget_type=\"heading.default\">\n\t\t\t\t<div class=\"elementor-widget-container\">\n\t\t\t\t\t<h2 class=\"elementor-heading-title elementor-size-default\">Plantillas Posturales<\/h2>\t\t\t\t<\/div>\n\t\t\t\t<\/div>\n\t\t\t\t<div class=\"elementor-element elementor-element-ca191fe elementor-widget elementor-widget-text-editor\" data-id=\"ca191fe\" data-element_type=\"widget\" data-settings=\"{&quot;_animation&quot;:&quot;none&quot;}\" data-widget_type=\"text-editor.default\">\n\t\t\t\t<div class=\"elementor-widget-container\">\n\t\t\t\t\t\t\t\t\t<p>Plantillas ultrafinas personalizadas compuestas por aquellos est\u00edmulos posturales previamente seleccionados y probados durante la evaluaci\u00f3n postural.<\/p><p>Los est\u00edmulos act\u00faan sobre los receptores sensibles que se encuentran en la planta\u00a0<span style=\"color: var(--ast-global-color-3); font-style: inherit; font-weight: inherit;\">de los pies, activ\u00e1ndolos y provocando los ajustes posturales necesarios para mejorar tu actitud postural.<\/span><\/p><p style=\"font-size: 19px; font-style: normal; font-weight: 400;\">Conseguiremos aumentar tu saldo y reducir tus dolencias.<br \/>Gracias a su reducido grosor, no ver\u00e1s tu calzado acondicionado.<\/p><p>\u00a0<\/p>\t\t\t\t\t\t\t\t<\/div>\n\t\t\t\t<\/div>\n\t\t\t\t\t<\/div>\n\t\t<\/div>\n\t\t\t\t\t<\/div>\n\t\t<\/section>\n\t\t\t\t<\/div>","protected":false},"excerpt":{"rendered":"<p>Os nosos servicios de Posturolox\u00eda Valoraci\u00f3ns posturais\u25a1 Determinamos se presentas unha disfunci\u00f3n postural e trat\u00e1mola mediante plantillas posturais e terapia manual neurosensorial. Plantillas posturais\u25a1 Dese\u00f1o de plantillas posturais en funci\u00f3n dunha valoraci\u00f3n postural previa. Equipo multidisciplinar\u25a1 Tratamiento desde o punto de vista multidisciplinar para tratar a orixe do problema. Pida a s\u00faa cita Valoraci\u00f3n Postural [&hellip;]<\/p>","protected":false},"author":1,"featured_media":0,"parent":0,"menu_order":0,"comment_status":"closed","ping_status":"closed","template":"elementor_header_footer","meta":{"_seopress_robots_primary_cat":"","_seopress_titles_title":"Posturolox\u00eda e reeducaci\u00f3n postural en Baio | Cl\u00ednica Nov\u00e1s","_seopress_titles_desc":"Servizo de Posturolox\u00eda en Baio \u2013 Cl\u00ednica Nov\u00e1s | equilibrio e sa\u00fade corporal","_seopress_robots_index":"","site-sidebar-layout":"no-sidebar","site-content-layout":"page-builder","ast-site-content-layout":"full-width-container","site-content-style":"unboxed","site-sidebar-style":"unboxed","ast-global-header-display":"","ast-banner-title-visibility":"","ast-main-header-display":"","ast-hfb-above-header-display":"","ast-hfb-below-header-display":"","ast-hfb-mobile-header-display":"","site-post-title":"disabled","ast-breadcrumbs-content":"","ast-featured-img":"disabled","footer-sml-layout":"","theme-transparent-header-meta":"","adv-header-id-meta":"","stick-header-meta":"","header-above-stick-meta":"","header-main-stick-meta":"","header-below-stick-meta":"","astra-migrate-meta-layouts":"set","ast-page-background-enabled":"default","ast-page-background-meta":{"desktop":{"background-color":"","background-image":"","background-repeat":"repeat","background-position":"center center","background-size":"auto","background-attachment":"scroll","background-type":"","background-media":"","overlay-type":"","overlay-color":"","overlay-opacity":"","overlay-gradient":""},"tablet":{"background-color":"","background-image":"","background-repeat":"repeat","background-position":"center center","background-size":"auto","background-attachment":"scroll","background-type":"","background-media":"","overlay-type":"","overlay-color":"","overlay-opacity":"","overlay-gradient":""},"mobile":{"background-color":"","background-image":"","background-repeat":"repeat","background-position":"center center","background-size":"auto","background-attachment":"scroll","background-type":"","background-media":"","overlay-type":"","overlay-color":"","overlay-opacity":"","overlay-gradient":""}},"ast-content-background-meta":{"desktop":{"background-color":"var(--ast-global-color-5)","background-image":"","background-repeat":"repeat","background-position":"center center","background-size":"auto","background-attachment":"scroll","background-type":"","background-media":"","overlay-type":"","overlay-color":"","overlay-opacity":"","overlay-gradient":""},"tablet":{"background-color":"var(--ast-global-color-5)","background-image":"","background-repeat":"repeat","background-position":"center center","background-size":"auto","background-attachment":"scroll","background-type":"","background-media":"","overlay-type":"","overlay-color":"","overlay-opacity":"","overlay-gradient":""},"mobile":{"background-color":"var(--ast-global-color-5)","background-image":"","background-repeat":"repeat","background-position":"center center","background-size":"auto","background-attachment":"scroll","background-type":"","background-media":"","overlay-type":"","overlay-color":"","overlay-opacity":"","overlay-gradient":""}},"footnotes":""},"class_list":["post-988","page","type-page","status-publish","hentry"],"_links":{"self":[{"href":"https:\/\/clinicanovas.com\/es\/wp-json\/wp\/v2\/pages\/988","targetHints":{"allow":["GET"]}}],"collection":[{"href":"https:\/\/clinicanovas.com\/es\/wp-json\/wp\/v2\/pages"}],"about":[{"href":"https:\/\/clinicanovas.com\/es\/wp-json\/wp\/v2\/types\/page"}],"author":[{"embeddable":true,"href":"https:\/\/clinicanovas.com\/es\/wp-json\/wp\/v2\/users\/1"}],"replies":[{"embeddable":true,"href":"https:\/\/clinicanovas.com\/es\/wp-json\/wp\/v2\/comments?post=988"}],"version-history":[{"count":121,"href":"https:\/\/clinicanovas.com\/es\/wp-json\/wp\/v2\/pages\/988\/revisions"}],"predecessor-version":[{"id":2369,"href":"https:\/\/clinicanovas.com\/es\/wp-json\/wp\/v2\/pages\/988\/revisions\/2369"}],"wp:attachment":[{"href":"https:\/\/clinicanovas.com\/es\/wp-json\/wp\/v2\/media?parent=988"}],"curies":[{"name":"wp","href":"https:\/\/api.w.org\/{rel}","templated":true}]}}