{"id":802,"date":"2020-12-21T07:38:58","date_gmt":"2020-12-21T07:38:58","guid":{"rendered":"http:\/\/clinicanovas.com\/?page_id=802"},"modified":"2025-10-21T11:12:16","modified_gmt":"2025-10-21T09:12:16","slug":"clinicanovas","status":"publish","type":"page","link":"https:\/\/clinicanovas.com\/es\/","title":{"rendered":"Clinicanovas GZ"},"content":{"rendered":"<div data-elementor-type=\"wp-page\" data-elementor-id=\"802\" class=\"elementor elementor-802\" data-elementor-post-type=\"page\">\n\t\t\t\t<div class=\"elementor-element elementor-element-4c4ef08 e-con-full e-flex e-con e-parent\" data-id=\"4c4ef08\" data-element_type=\"container\" data-settings=\"{&quot;background_background&quot;:&quot;classic&quot;}\">\n\t\t\t\t<\/div>\n\t\t<div class=\"elementor-element elementor-element-292bf1a e-con-full e-flex e-con e-parent\" data-id=\"292bf1a\" data-element_type=\"container\" id=\"sobre-nos\" data-settings=\"{&quot;background_background&quot;:&quot;classic&quot;}\">\n\t\t<div class=\"elementor-element elementor-element-664bfcd e-con-full e-flex e-con e-child\" data-id=\"664bfcd\" data-element_type=\"container\">\n\t\t\t\t<div class=\"elementor-element elementor-element-f30b21d animated-slow elementor-widget elementor-widget-heading\" data-id=\"f30b21d\" data-element_type=\"widget\" data-settings=\"{&quot;_animation&quot;:&quot;none&quot;}\" data-widget_type=\"heading.default\">\n\t\t\t\t<div class=\"elementor-widget-container\">\n\t\t\t\t\t<h1 class=\"elementor-heading-title elementor-size-default\">Especialistas\nen podolog\u00eda<\/h1>\t\t\t\t<\/div>\n\t\t\t\t<\/div>\n\t\t\t\t<div class=\"elementor-element elementor-element-fcf8841 elementor-widget elementor-widget-text-editor\" data-id=\"fcf8841\" data-element_type=\"widget\" data-settings=\"{&quot;_animation&quot;:&quot;none&quot;}\" data-widget_type=\"text-editor.default\">\n\t\t\t\t<div class=\"elementor-widget-container\">\n\t\t\t\t\t\t\t\t\t<p>Soy Alicia Nov\u00e1s Varela, directora de Cl\u00ednica Nov\u00e1s. Llevo m\u00e1s de 10 a\u00f1os ejerciendo como pod\u00f3logo, siempre con inquietudes profesionales, lo que me motiv\u00f3 a realizar diversas capacitaciones durante estos a\u00f1os para estar al d\u00eda de los avances que experimenta constantemente la sanidad.<\/p><p>Experiment\u00e9 un gran cambio profesional y personal cuando comenc\u00e9 a especializarme en Podoposturolog\u00eda. Gracias a ello aprend\u00ed a mirar m\u00e1s all\u00e1 de nuestro campo de trabajo como pod\u00f3logos, los pies, permiti\u00e9ndome valorar cada caso de una forma mucho m\u00e1s amplia e integradora, pudiendo informaros de forma m\u00e1s completa sobre el posible origen de tus lesiones, dolores y patolog\u00edas.<\/p><p>Esta especializaci\u00f3n me acerca a trabajar de forma multidisciplinar, conociendo a profesionales de otros campos de la salud que tambi\u00e9n se especializan en el tratamiento integrador de patolog\u00edas. Gracias a ello, las derivaciones que te pueda proponer ser\u00e1n siempre con el objetivo de conseguir una gran y pronta mejora.<\/p><p>Sigo avanzando en este camino de descubrimiento, conocimiento y aprendizaje.<\/p><p>Bienvenidos a Cl\u00ednica Nov\u00e1s.<\/p>\t\t\t\t\t\t\t\t<\/div>\n\t\t\t\t<\/div>\n\t\t\t\t<\/div>\n\t\t<div class=\"elementor-element elementor-element-250f361 e-con-full e-flex e-con e-child\" data-id=\"250f361\" data-element_type=\"container\">\n\t\t<div class=\"elementor-element elementor-element-da4b377 e-con-full e-flex e-con e-child\" data-id=\"da4b377\" data-element_type=\"container\" data-settings=\"{&quot;background_background&quot;:&quot;classic&quot;,&quot;sticky&quot;:&quot;top&quot;,&quot;sticky_on&quot;:[&quot;tablet&quot;],&quot;sticky_parent&quot;:&quot;yes&quot;,&quot;sticky_offset&quot;:0,&quot;sticky_effects_offset&quot;:0,&quot;sticky_anchor_link_offset&quot;:0}\">\n\t\t\t\t<div class=\"elementor-element elementor-element-8d07d1c elementor-widget elementor-widget-image\" data-id=\"8d07d1c\" data-element_type=\"widget\" data-widget_type=\"image.default\">\n\t\t\t\t<div class=\"elementor-widget-container\">\n\t\t\t\t\t\t\t\t\t\t\t\t\t\t\t<img fetchpriority=\"high\" decoding=\"async\" width=\"539\" height=\"751\" src=\"https:\/\/clinicanovas.com\/wp-content\/uploads\/2022\/01\/Doctora-Novas.jpg\" class=\"attachment-full size-full wp-image-852\" alt=\"Fotograf\u00eda Doctora Nov\u00e1s\" srcset=\"https:\/\/clinicanovas.com\/wp-content\/uploads\/2022\/01\/Doctora-Novas.jpg 539w, https:\/\/clinicanovas.com\/wp-content\/uploads\/2022\/01\/Doctora-Novas-215x300.jpg 215w\" sizes=\"(max-width: 539px) 100vw, 539px\" \/>\t\t\t\t\t\t\t\t\t\t\t\t\t\t\t<\/div>\n\t\t\t\t<\/div>\n\t\t\t\t<\/div>\n\t\t\t\t<\/div>\n\t\t\t\t<\/div>\n\t\t\t\t<section class=\"elementor-section elementor-top-section elementor-element elementor-element-b56e7b3 animated-slow elementor-section-boxed elementor-section-height-default elementor-section-height-default\" data-id=\"b56e7b3\" data-element_type=\"section\" data-settings=\"{&quot;background_background&quot;:&quot;classic&quot;,&quot;animation&quot;:&quot;none&quot;}\">\n\t\t\t\t\t\t<div class=\"elementor-container elementor-column-gap-default\">\n\t\t\t\t\t<div class=\"elementor-column elementor-col-33 elementor-top-column elementor-element elementor-element-884d798\" data-id=\"884d798\" data-element_type=\"column\">\n\t\t\t<div class=\"elementor-widget-wrap elementor-element-populated\">\n\t\t\t\t\t\t<div class=\"elementor-element elementor-element-4df1dba animated-slow elementor-invisible elementor-widget elementor-widget-image\" data-id=\"4df1dba\" data-element_type=\"widget\" data-settings=\"{&quot;_animation&quot;:&quot;fadeIn&quot;}\" data-widget_type=\"image.default\">\n\t\t\t\t<div class=\"elementor-widget-container\">\n\t\t\t\t\t\t\t\t\t\t\t\t\t\t\t<img decoding=\"async\" width=\"150\" height=\"150\" src=\"https:\/\/clinicanovas.com\/wp-content\/uploads\/2022\/01\/foot-b-150x150.png\" class=\"attachment-thumbnail size-thumbnail wp-image-867\" alt=\"Icono Podolox\u00eda\" srcset=\"https:\/\/clinicanovas.com\/wp-content\/uploads\/2022\/01\/foot-b-150x150.png 150w, https:\/\/clinicanovas.com\/wp-content\/uploads\/2022\/01\/foot-b-300x300.png 300w, https:\/\/clinicanovas.com\/wp-content\/uploads\/2022\/01\/foot-b.png 512w\" sizes=\"(max-width: 150px) 100vw, 150px\" \/>\t\t\t\t\t\t\t\t\t\t\t\t\t\t\t<\/div>\n\t\t\t\t<\/div>\n\t\t\t\t<div class=\"elementor-element elementor-element-28657fe e-transform e-transform elementor-widget elementor-widget-heading\" data-id=\"28657fe\" data-element_type=\"widget\" data-settings=\"{&quot;_transform_scale_effect&quot;:{&quot;unit&quot;:&quot;px&quot;,&quot;size&quot;:1.1,&quot;sizes&quot;:[]},&quot;_transform_scale_effect_hover&quot;:{&quot;unit&quot;:&quot;px&quot;,&quot;size&quot;:1.2,&quot;sizes&quot;:[]},&quot;_transform_scale_effect_tablet&quot;:{&quot;unit&quot;:&quot;px&quot;,&quot;size&quot;:&quot;&quot;,&quot;sizes&quot;:[]},&quot;_transform_scale_effect_mobile&quot;:{&quot;unit&quot;:&quot;px&quot;,&quot;size&quot;:&quot;&quot;,&quot;sizes&quot;:[]},&quot;_transform_scale_effect_hover_tablet&quot;:{&quot;unit&quot;:&quot;px&quot;,&quot;size&quot;:&quot;&quot;,&quot;sizes&quot;:[]},&quot;_transform_scale_effect_hover_mobile&quot;:{&quot;unit&quot;:&quot;px&quot;,&quot;size&quot;:&quot;&quot;,&quot;sizes&quot;:[]}}\" data-widget_type=\"heading.default\">\n\t\t\t\t<div class=\"elementor-widget-container\">\n\t\t\t\t\t<h2 class=\"elementor-heading-title elementor-size-default\"><a href=\"https:\/\/clinicanovas.com\/es\/podoloxia\/\">Podolog\u00eda<\/a><\/h2>\t\t\t\t<\/div>\n\t\t\t\t<\/div>\n\t\t\t\t\t<\/div>\n\t\t<\/div>\n\t\t\t\t<div class=\"elementor-column elementor-col-33 elementor-top-column elementor-element elementor-element-8e189d6\" data-id=\"8e189d6\" data-element_type=\"column\">\n\t\t\t<div class=\"elementor-widget-wrap elementor-element-populated\">\n\t\t\t\t\t\t<div class=\"elementor-element elementor-element-d340d5b animated-slow elementor-invisible elementor-widget elementor-widget-image\" data-id=\"d340d5b\" data-element_type=\"widget\" data-settings=\"{&quot;_animation&quot;:&quot;fadeIn&quot;}\" data-widget_type=\"image.default\">\n\t\t\t\t<div class=\"elementor-widget-container\">\n\t\t\t\t\t\t\t\t\t\t\t\t\t\t\t<img decoding=\"async\" width=\"150\" height=\"150\" src=\"https:\/\/clinicanovas.com\/wp-content\/uploads\/2022\/01\/dorsal-spine-b-150x150.png\" class=\"attachment-thumbnail size-thumbnail wp-image-866\" alt=\"Icono Posturolox\u00eda\" srcset=\"https:\/\/clinicanovas.com\/wp-content\/uploads\/2022\/01\/dorsal-spine-b-150x150.png 150w, https:\/\/clinicanovas.com\/wp-content\/uploads\/2022\/01\/dorsal-spine-b-300x300.png 300w, https:\/\/clinicanovas.com\/wp-content\/uploads\/2022\/01\/dorsal-spine-b.png 512w\" sizes=\"(max-width: 150px) 100vw, 150px\" \/>\t\t\t\t\t\t\t\t\t\t\t\t\t\t\t<\/div>\n\t\t\t\t<\/div>\n\t\t\t\t<div class=\"elementor-element elementor-element-d238bd9 e-transform e-transform elementor-widget elementor-widget-heading\" data-id=\"d238bd9\" data-element_type=\"widget\" data-settings=\"{&quot;_transform_scale_effect&quot;:{&quot;unit&quot;:&quot;px&quot;,&quot;size&quot;:1.1,&quot;sizes&quot;:[]},&quot;_transform_scale_effect_hover&quot;:{&quot;unit&quot;:&quot;px&quot;,&quot;size&quot;:1.2,&quot;sizes&quot;:[]},&quot;_transform_scale_effect_tablet&quot;:{&quot;unit&quot;:&quot;px&quot;,&quot;size&quot;:&quot;&quot;,&quot;sizes&quot;:[]},&quot;_transform_scale_effect_mobile&quot;:{&quot;unit&quot;:&quot;px&quot;,&quot;size&quot;:&quot;&quot;,&quot;sizes&quot;:[]},&quot;_transform_scale_effect_hover_tablet&quot;:{&quot;unit&quot;:&quot;px&quot;,&quot;size&quot;:&quot;&quot;,&quot;sizes&quot;:[]},&quot;_transform_scale_effect_hover_mobile&quot;:{&quot;unit&quot;:&quot;px&quot;,&quot;size&quot;:&quot;&quot;,&quot;sizes&quot;:[]}}\" data-widget_type=\"heading.default\">\n\t\t\t\t<div class=\"elementor-widget-container\">\n\t\t\t\t\t<h2 class=\"elementor-heading-title elementor-size-default\"><a href=\"https:\/\/clinicanovas.com\/es\/posturoloxia\/\">Posturolog\u00eda<\/a><\/h2>\t\t\t\t<\/div>\n\t\t\t\t<\/div>\n\t\t\t\t\t<\/div>\n\t\t<\/div>\n\t\t\t\t<div class=\"elementor-column elementor-col-33 elementor-top-column elementor-element elementor-element-8186af0\" data-id=\"8186af0\" data-element_type=\"column\">\n\t\t\t<div class=\"elementor-widget-wrap elementor-element-populated\">\n\t\t\t\t\t\t<div class=\"elementor-element elementor-element-8a5784f animated-slow elementor-invisible elementor-widget elementor-widget-image\" data-id=\"8a5784f\" data-element_type=\"widget\" data-settings=\"{&quot;_animation&quot;:&quot;fadeIn&quot;}\" data-widget_type=\"image.default\">\n\t\t\t\t<div class=\"elementor-widget-container\">\n\t\t\t\t\t\t\t\t\t\t\t\t\t\t\t<img loading=\"lazy\" decoding=\"async\" width=\"150\" height=\"150\" src=\"https:\/\/clinicanovas.com\/wp-content\/uploads\/2022\/01\/schedule-b-150x150.png\" class=\"attachment-thumbnail size-thumbnail wp-image-868\" alt=\"Icono Cita\" srcset=\"https:\/\/clinicanovas.com\/wp-content\/uploads\/2022\/01\/schedule-b-150x150.png 150w, https:\/\/clinicanovas.com\/wp-content\/uploads\/2022\/01\/schedule-b-300x300.png 300w, https:\/\/clinicanovas.com\/wp-content\/uploads\/2022\/01\/schedule-b.png 512w\" sizes=\"(max-width: 150px) 100vw, 150px\" \/>\t\t\t\t\t\t\t\t\t\t\t\t\t\t\t<\/div>\n\t\t\t\t<\/div>\n\t\t\t\t<div class=\"elementor-element elementor-element-15159f4 e-transform e-transform elementor-widget elementor-widget-heading\" data-id=\"15159f4\" data-element_type=\"widget\" data-settings=\"{&quot;_transform_scale_effect&quot;:{&quot;unit&quot;:&quot;px&quot;,&quot;size&quot;:1.1,&quot;sizes&quot;:[]},&quot;_transform_scale_effect_hover&quot;:{&quot;unit&quot;:&quot;px&quot;,&quot;size&quot;:1.2,&quot;sizes&quot;:[]},&quot;_transform_scale_effect_tablet&quot;:{&quot;unit&quot;:&quot;px&quot;,&quot;size&quot;:&quot;&quot;,&quot;sizes&quot;:[]},&quot;_transform_scale_effect_mobile&quot;:{&quot;unit&quot;:&quot;px&quot;,&quot;size&quot;:&quot;&quot;,&quot;sizes&quot;:[]},&quot;_transform_scale_effect_hover_tablet&quot;:{&quot;unit&quot;:&quot;px&quot;,&quot;size&quot;:&quot;&quot;,&quot;sizes&quot;:[]},&quot;_transform_scale_effect_hover_mobile&quot;:{&quot;unit&quot;:&quot;px&quot;,&quot;size&quot;:&quot;&quot;,&quot;sizes&quot;:[]}}\" data-widget_type=\"heading.default\">\n\t\t\t\t<div class=\"elementor-widget-container\">\n\t\t\t\t\t<h3 class=\"elementor-heading-title elementor-size-default\"><a href=\"https:\/\/clinicanovas.com\/es\/contacto\/\">Pida su cita<\/a><\/h3>\t\t\t\t<\/div>\n\t\t\t\t<\/div>\n\t\t\t\t\t<\/div>\n\t\t<\/div>\n\t\t\t\t\t<\/div>\n\t\t<\/section>\n\t\t<div class=\"elementor-element elementor-element-bd3cf0f e-con-full e-flex e-con e-parent\" data-id=\"bd3cf0f\" data-element_type=\"container\">\n\t\t<div class=\"elementor-element elementor-element-a2afe9c e-con-full e-flex e-con e-child\" data-id=\"a2afe9c\" data-element_type=\"container\">\n\t\t\t\t<div class=\"elementor-element elementor-element-29d5df9 animated-slow elementor-widget elementor-widget-image\" data-id=\"29d5df9\" data-element_type=\"widget\" data-settings=\"{&quot;_animation&quot;:&quot;none&quot;}\" data-widget_type=\"image.default\">\n\t\t\t\t<div class=\"elementor-widget-container\">\n\t\t\t\t\t\t\t\t\t\t\t\t\t\t\t<img loading=\"lazy\" decoding=\"async\" width=\"772\" height=\"1024\" src=\"https:\/\/clinicanovas.com\/wp-content\/uploads\/2022\/07\/podoloxia-772x1024.png\" class=\"attachment-large size-large wp-image-1375\" alt=\"podoloxia\" srcset=\"https:\/\/clinicanovas.com\/wp-content\/uploads\/2022\/07\/podoloxia-772x1024.png 772w, https:\/\/clinicanovas.com\/wp-content\/uploads\/2022\/07\/podoloxia-226x300.png 226w, https:\/\/clinicanovas.com\/wp-content\/uploads\/2022\/07\/podoloxia-768x1019.png 768w, https:\/\/clinicanovas.com\/wp-content\/uploads\/2022\/07\/podoloxia.png 1048w\" sizes=\"(max-width: 772px) 100vw, 772px\" \/>\t\t\t\t\t\t\t\t\t\t\t\t\t\t\t<\/div>\n\t\t\t\t<\/div>\n\t\t\t\t<\/div>\n\t\t<div class=\"elementor-element elementor-element-d32c3f9 e-con-full e-flex e-con e-child\" data-id=\"d32c3f9\" data-element_type=\"container\">\n\t\t\t\t<div class=\"elementor-element elementor-element-beedb49 animated-slow elementor-widget elementor-widget-heading\" data-id=\"beedb49\" data-element_type=\"widget\" data-settings=\"{&quot;_animation&quot;:&quot;none&quot;}\" data-widget_type=\"heading.default\">\n\t\t\t\t<div class=\"elementor-widget-container\">\n\t\t\t\t\t<h3 class=\"elementor-heading-title elementor-size-default\">Podolog\u00eda<\/h3>\t\t\t\t<\/div>\n\t\t\t\t<\/div>\n\t\t\t\t<div class=\"elementor-element elementor-element-55a4731 elementor-widget elementor-widget-text-editor\" data-id=\"55a4731\" data-element_type=\"widget\" data-settings=\"{&quot;_animation&quot;:&quot;none&quot;}\" data-widget_type=\"text-editor.default\">\n\t\t\t\t<div class=\"elementor-widget-container\">\n\t\t\t\t\t\t\t\t\t<p><b><img decoding=\"async\" class=\"emoji\" role=\"img\" draggable=\"false\" src=\"https:\/\/s.w.org\/images\/core\/emoji\/14.0.0\/svg\/25aa.svg\" alt=\"\u25aa\" \/> Podolog\u00eda<\/b><\/p><p>Corte y fresado de alteraciones ungueales, eliminaci\u00f3n de hiperqueratosis (durezas) y helomas (callos).<\/p><p><strong><img decoding=\"async\" class=\"emoji\" role=\"img\" draggable=\"false\" src=\"https:\/\/s.w.org\/images\/core\/emoji\/14.0.0\/svg\/25aa.svg\" alt=\"\u25aa\" \/> Podolog\u00eda dermatol\u00f3gica<\/strong><br \/>Diagn\u00f3stico y tratamiento de infecciones y alteraciones de la piel: pie de atleta, papilomas y u\u00f1as (onicomicosis).<\/p><p><strong><img decoding=\"async\" class=\"emoji\" role=\"img\" draggable=\"false\" src=\"https:\/\/s.w.org\/images\/core\/emoji\/14.0.0\/svg\/25aa.svg\" alt=\"\u25aa\" \/> Tratamientos para u\u00f1as encarnadas<\/strong><br \/>Tratamiento conservador cortando la esp\u00edcula.<br \/>Tratamiento conservador mediante t\u00e9cnica de reeducaci\u00f3n ungueal.<br \/>Tratamiento quir\u00fargico (matricceptotom\u00eda parcial).<\/p><p><strong><img decoding=\"async\" class=\"emoji\" role=\"img\" draggable=\"false\" src=\"https:\/\/s.w.org\/images\/core\/emoji\/14.0.0\/svg\/25aa.svg\" alt=\"\u25aa\" \/> Tratamientos a medida<\/strong><br \/>Espaciadores de silicona.<br \/>Modelos biomec\u00e1nicos y modelos posturales.<\/p><p><strong><img decoding=\"async\" class=\"emoji\" role=\"img\" draggable=\"false\" src=\"https:\/\/s.w.org\/images\/core\/emoji\/14.0.0\/svg\/25aa.svg\" alt=\"\u25aa\" \/> Tratamientos conservadores combinados<\/strong><br \/>Uso de ventosas.<br \/>Punci\u00f3n seca.<br \/>Vendaje neuromuscular.<br \/>Vendajes funcionales.<\/p><p><strong><img decoding=\"async\" class=\"emoji\" role=\"img\" draggable=\"false\" src=\"https:\/\/s.w.org\/images\/core\/emoji\/14.0.0\/svg\/25aa.svg\" alt=\"\u25aa\" \/> Reconstrucci\u00f3n de u\u00f1as<\/strong><br \/>Creaci\u00f3n de una nueva u\u00f1a con acr\u00edlico.<\/p><p><strong><img decoding=\"async\" class=\"emoji\" role=\"img\" draggable=\"false\" src=\"https:\/\/s.w.org\/images\/core\/emoji\/14.0.0\/svg\/25aa.svg\" alt=\"\u25aa\" \/> Cuidado del pie diab\u00e9tico<\/strong><br \/>Prevenci\u00f3n de riesgos favoreciendo la salud del pie y de su pisada.<\/p>\t\t\t\t\t\t\t\t<\/div>\n\t\t\t\t<\/div>\n\t\t\t\t<\/div>\n\t\t\t\t<\/div>\n\t\t<div class=\"elementor-element elementor-element-9a48b28 e-con-full e-flex e-con e-parent\" data-id=\"9a48b28\" data-element_type=\"container\">\n\t\t<div class=\"elementor-element elementor-element-233bef2 e-con-full e-flex e-con e-child\" data-id=\"233bef2\" data-element_type=\"container\">\n\t\t\t\t<div class=\"elementor-element elementor-element-494b5cc animated-slow elementor-widget elementor-widget-heading\" data-id=\"494b5cc\" data-element_type=\"widget\" data-settings=\"{&quot;_animation&quot;:&quot;none&quot;}\" data-widget_type=\"heading.default\">\n\t\t\t\t<div class=\"elementor-widget-container\">\n\t\t\t\t\t<h3 class=\"elementor-heading-title elementor-size-default\">Posturolog\u00eda<\/h3>\t\t\t\t<\/div>\n\t\t\t\t<\/div>\n\t\t\t\t<div class=\"elementor-element elementor-element-753ca58 elementor-widget elementor-widget-text-editor\" data-id=\"753ca58\" data-element_type=\"widget\" data-settings=\"{&quot;_animation&quot;:&quot;none&quot;}\" data-widget_type=\"text-editor.default\">\n\t\t\t\t<div class=\"elementor-widget-container\">\n\t\t\t\t\t\t\t\t\t<p><b><strong><img decoding=\"async\" class=\"emoji\" role=\"img\" draggable=\"false\" src=\"https:\/\/s.w.org\/images\/core\/emoji\/14.0.0\/svg\/25aa.svg\" alt=\"\u25aa\" \/> <\/strong>Evaluaciones posturales<br \/><\/b><span style=\"font-style: inherit; font-weight: inherit; color: var(--ast-global-color-3);\">Determinamos si tienes una disfunci\u00f3n postural y la tratamos mediante plantillas posturales y terapia neurosensorial manual.<\/span><\/p><p><span style=\"font-style: inherit; color: var(--ast-global-color-3);\"><b><strong><img decoding=\"async\" class=\"emoji\" role=\"img\" draggable=\"false\" src=\"https:\/\/s.w.org\/images\/core\/emoji\/14.0.0\/svg\/25aa.svg\" alt=\"\u25aa\" \/> <\/strong>Plantillas posturales<br \/><\/b><\/span><span style=\"font-style: inherit; font-weight: inherit; color: var(--ast-global-color-3);\">Dise\u00f1o de plantillas posturales en base a una evaluaci\u00f3n postural previa.<\/span><\/p><p><span style=\"font-style: inherit; color: var(--ast-global-color-3);\"><b><strong><img decoding=\"async\" class=\"emoji\" role=\"img\" draggable=\"false\" src=\"https:\/\/s.w.org\/images\/core\/emoji\/14.0.0\/svg\/25aa.svg\" alt=\"\u25aa\" \/> <\/strong>Equipo multidisciplinar<br \/><\/b><\/span><span style=\"font-style: inherit; font-weight: inherit; color: var(--ast-global-color-3);\">Tratamiento desde el punto de vista multidisciplinar para tratar el origen del problema.<\/span><\/p>\t\t\t\t\t\t\t\t<\/div>\n\t\t\t\t<\/div>\n\t\t\t\t<\/div>\n\t\t<div class=\"elementor-element elementor-element-a7a5bb6 e-con-full e-flex e-con e-child\" data-id=\"a7a5bb6\" data-element_type=\"container\">\n\t\t\t\t<div class=\"elementor-element elementor-element-a0bb614 animated-slow elementor-widget elementor-widget-image\" data-id=\"a0bb614\" data-element_type=\"widget\" data-settings=\"{&quot;_animation&quot;:&quot;none&quot;}\" data-widget_type=\"image.default\">\n\t\t\t\t<div class=\"elementor-widget-container\">\n\t\t\t\t\t\t\t\t\t\t\t\t\t\t\t<img alt=\"\" loading=\"lazy\" decoding=\"async\" width=\"1024\" height=\"965\" src=\"https:\/\/clinicanovas.com\/wp-content\/uploads\/2022\/01\/Posturoloxia-1024x965.jpg\" class=\"attachment-large size-large wp-image-881\" srcset=\"https:\/\/clinicanovas.com\/wp-content\/uploads\/2022\/01\/Posturoloxia-1024x965.jpg 1024w, https:\/\/clinicanovas.com\/wp-content\/uploads\/2022\/01\/Posturoloxia-300x283.jpg 300w, https:\/\/clinicanovas.com\/wp-content\/uploads\/2022\/01\/Posturoloxia-768x723.jpg 768w, https:\/\/clinicanovas.com\/wp-content\/uploads\/2022\/01\/Posturoloxia-1536x1447.jpg 1536w, https:\/\/clinicanovas.com\/wp-content\/uploads\/2022\/01\/Posturoloxia-2048x1929.jpg 2048w\" sizes=\"(max-width: 1024px) 100vw, 1024px\" \/>\t\t\t\t\t\t\t\t\t\t\t\t\t\t\t<\/div>\n\t\t\t\t<\/div>\n\t\t\t\t<\/div>\n\t\t\t\t<\/div>\n\t\t\t\t<\/div>","protected":false},"excerpt":{"rendered":"<p>Especialistas en podolox\u00eda Son Alicia Nov\u00e1s Varela, a directora de Cl\u00ednica Nov\u00e1s. Levo exercendo como pod\u00f3loga durante m\u00e1is de 10 anos, sempre con inquietudes profesionais, que motivaron \u00a0que durante estes anos realizara diversas formaci\u00f3ns para manterme actualizada ante os avances que a sanidade vive constantemente. Experimentei un gran cambio profesional e persoal cando comecei a [&hellip;]<\/p>","protected":false},"author":1,"featured_media":851,"parent":0,"menu_order":0,"comment_status":"closed","ping_status":"closed","template":"elementor_header_footer","meta":{"_seopress_robots_primary_cat":"","_seopress_titles_title":"Cl\u00ednica Nov\u00e1s: podolox\u00eda, posturolog\u00eda e coidado integral do p\u00e9 en Baio","_seopress_titles_desc":"Cl\u00ednica Nov\u00e1s | Podolox\u00eda e Posturolog\u00eda en Baio \u2013 Tratamentos do p\u00e9","_seopress_robots_index":"","site-sidebar-layout":"no-sidebar","site-content-layout":"page-builder","ast-site-content-layout":"full-width-container","site-content-style":"unboxed","site-sidebar-style":"unboxed","ast-global-header-display":"","ast-banner-title-visibility":"","ast-main-header-display":"","ast-hfb-above-header-display":"","ast-hfb-below-header-display":"","ast-hfb-mobile-header-display":"","site-post-title":"disabled","ast-breadcrumbs-content":"","ast-featured-img":"disabled","footer-sml-layout":"","theme-transparent-header-meta":"enabled","adv-header-id-meta":"","stick-header-meta":"","header-above-stick-meta":"","header-main-stick-meta":"","header-below-stick-meta":"","astra-migrate-meta-layouts":"set","ast-page-background-enabled":"default","ast-page-background-meta":{"desktop":{"background-color":"","background-image":"","background-repeat":"repeat","background-position":"center center","background-size":"auto","background-attachment":"scroll","background-type":"","background-media":"","overlay-type":"","overlay-color":"","overlay-opacity":"","overlay-gradient":""},"tablet":{"background-color":"","background-image":"","background-repeat":"repeat","background-position":"center center","background-size":"auto","background-attachment":"scroll","background-type":"","background-media":"","overlay-type":"","overlay-color":"","overlay-opacity":"","overlay-gradient":""},"mobile":{"background-color":"","background-image":"","background-repeat":"repeat","background-position":"center center","background-size":"auto","background-attachment":"scroll","background-type":"","background-media":"","overlay-type":"","overlay-color":"","overlay-opacity":"","overlay-gradient":""}},"ast-content-background-meta":{"desktop":{"background-color":"var(--ast-global-color-5)","background-image":"","background-repeat":"repeat","background-position":"center center","background-size":"auto","background-attachment":"scroll","background-type":"","background-media":"","overlay-type":"","overlay-color":"","overlay-opacity":"","overlay-gradient":""},"tablet":{"background-color":"var(--ast-global-color-5)","background-image":"","background-repeat":"repeat","background-position":"center center","background-size":"auto","background-attachment":"scroll","background-type":"","background-media":"","overlay-type":"","overlay-color":"","overlay-opacity":"","overlay-gradient":""},"mobile":{"background-color":"var(--ast-global-color-5)","background-image":"","background-repeat":"repeat","background-position":"center center","background-size":"auto","background-attachment":"scroll","background-type":"","background-media":"","overlay-type":"","overlay-color":"","overlay-opacity":"","overlay-gradient":""}},"footnotes":""},"class_list":["post-802","page","type-page","status-publish","has-post-thumbnail","hentry"],"_links":{"self":[{"href":"https:\/\/clinicanovas.com\/es\/wp-json\/wp\/v2\/pages\/802","targetHints":{"allow":["GET"]}}],"collection":[{"href":"https:\/\/clinicanovas.com\/es\/wp-json\/wp\/v2\/pages"}],"about":[{"href":"https:\/\/clinicanovas.com\/es\/wp-json\/wp\/v2\/types\/page"}],"author":[{"embeddable":true,"href":"https:\/\/clinicanovas.com\/es\/wp-json\/wp\/v2\/users\/1"}],"replies":[{"embeddable":true,"href":"https:\/\/clinicanovas.com\/es\/wp-json\/wp\/v2\/comments?post=802"}],"version-history":[{"count":411,"href":"https:\/\/clinicanovas.com\/es\/wp-json\/wp\/v2\/pages\/802\/revisions"}],"predecessor-version":[{"id":2366,"href":"https:\/\/clinicanovas.com\/es\/wp-json\/wp\/v2\/pages\/802\/revisions\/2366"}],"wp:featuredmedia":[{"embeddable":true,"href":"https:\/\/clinicanovas.com\/es\/wp-json\/wp\/v2\/media\/851"}],"wp:attachment":[{"href":"https:\/\/clinicanovas.com\/es\/wp-json\/wp\/v2\/media?parent=802"}],"curies":[{"name":"wp","href":"https:\/\/api.w.org\/{rel}","templated":true}]}}